{"id":104,"date":"2018-11-16T04:44:53","date_gmt":"2018-11-16T04:44:53","guid":{"rendered":"http:\/\/demo.acmethemes.com\/restaurant-recipe\/?page_id=169"},"modified":"2020-11-11T13:48:35","modified_gmt":"2020-11-11T13:48:35","slug":"contact","status":"publish","type":"page","link":"https:\/\/eatout-vilnius.com\/lt\/contact\/","title":{"rendered":"Kontaktai"},"content":{"rendered":"<div id=\"pl-169\" class=\"panel-layout\">\n<div id=\"pg-169-0\" class=\"panel-grid panel-no-style\">\n<div id=\"pgc-169-0-0\" class=\"panel-grid-cell\" data-weight=\"1\">\n<div id=\"panel-169-0-0-0\" class=\"so-panel widget widget_restaurant_recipe_contact panel-first-child panel-last-child\" data-index=\"0\" data-style=\"{\"background_image_attachment\":false,\"background_display\":\"tile\"}\"><div class=\"wpcf7 no-js\" id=\"wpcf7-f67-o1\" lang=\"en-US\" dir=\"ltr\">\n<div class=\"screen-reader-response\"><p role=\"status\" aria-live=\"polite\" aria-atomic=\"true\"><\/p> <ul><\/ul><\/div>\n<form action=\"\/lt\/wp-json\/wp\/v2\/pages\/104#wpcf7-f67-o1\" method=\"post\" class=\"wpcf7-form init\" aria-label=\"Contact form\" novalidate=\"novalidate\" data-status=\"init\">\n<div style=\"display: none;\">\n<input type=\"hidden\" name=\"_wpcf7\" value=\"67\" \/>\n<input type=\"hidden\" name=\"_wpcf7_version\" value=\"5.7.2\" \/>\n<input type=\"hidden\" name=\"_wpcf7_locale\" value=\"en_US\" \/>\n<input type=\"hidden\" name=\"_wpcf7_unit_tag\" value=\"wpcf7-f67-o1\" \/>\n<input type=\"hidden\" name=\"_wpcf7_container_post\" value=\"0\" \/>\n<input type=\"hidden\" name=\"_wpcf7_posted_data_hash\" value=\"\" \/>\n<input type=\"hidden\" name=\"lang\" value=\"lt\" \/>\n<\/div>\n<p><label> Vardas (b\u016btina)<br \/>\n<span class=\"wpcf7-form-control-wrap\" data-name=\"your-name\"><input size=\"40\" class=\"wpcf7-form-control wpcf7-text wpcf7-validates-as-required\" aria-required=\"true\" aria-invalid=\"false\" value=\"\" type=\"text\" name=\"your-name\" \/><\/span> <\/label>\n<\/p>\n<p><label> El. pa\u0161tas (b\u016btina)<br \/>\n<span class=\"wpcf7-form-control-wrap\" data-name=\"your-email\"><input size=\"40\" class=\"wpcf7-form-control wpcf7-text wpcf7-email wpcf7-validates-as-required wpcf7-validates-as-email\" aria-required=\"true\" aria-invalid=\"false\" value=\"\" type=\"email\" name=\"your-email\" \/><\/span> <\/label>\n<\/p>\n<p><label> Pavadinimas<br \/>\n<span class=\"wpcf7-form-control-wrap\" data-name=\"your-subject\"><input size=\"40\" class=\"wpcf7-form-control wpcf7-text\" aria-invalid=\"false\" value=\"\" type=\"text\" name=\"your-subject\" \/><\/span> <\/label>\n<\/p>\n<p><label> J\u016bs\u0173 \u017einut\u0117<br \/>\n<span class=\"wpcf7-form-control-wrap\" data-name=\"your-message\"><textarea cols=\"40\" rows=\"10\" class=\"wpcf7-form-control wpcf7-textarea\" aria-invalid=\"false\" name=\"your-message\"><\/textarea><\/span> <\/label>\n<\/p>\n<p><input class=\"wpcf7-form-control has-spinner wpcf7-submit\" type=\"submit\" value=\"Si\u0173sti\" \/>\n<\/p><div class=\"wpcf7-response-output\" aria-hidden=\"true\"><\/div><\/form><\/div><\/div>\n<\/div>\n<\/div>\n<\/div>\n","protected":false},"excerpt":{"rendered":"","protected":false},"author":1,"featured_media":0,"parent":0,"menu_order":0,"comment_status":"closed","ping_status":"closed","template":"","meta":{"inline_featured_image":false},"yoast_head":"<!-- This site is optimized with the Yoast SEO plugin v19.14 - https:\/\/yoast.com\/wordpress\/plugins\/seo\/ -->\n<title>Kontaktai - Eat Out Vilnius<\/title>\n<meta name=\"description\" content=\"Eat Out VIlnius - Restaurant Review Blog\" \/>\n<meta name=\"robots\" content=\"index, follow, max-snippet:-1, max-image-preview:large, max-video-preview:-1\" \/>\n<link rel=\"canonical\" href=\"https:\/\/eatout-vilnius.com\/contact\/\" \/>\n<meta property=\"og:locale\" content=\"lt_LT\" \/>\n<meta property=\"og:type\" content=\"article\" \/>\n<meta property=\"og:title\" content=\"Kontaktai\" \/>\n<meta property=\"og:description\" content=\"Eat Out VIlnius - Restaurant Review Blog\" \/>\n<meta property=\"og:url\" content=\"https:\/\/eatout-vilnius.com\/contact\/\" \/>\n<meta property=\"og:site_name\" content=\"Eat Out Vilnius\" \/>\n<meta property=\"article:modified_time\" content=\"2020-11-11T13:48:35+00:00\" \/>\n<meta property=\"og:image\" content=\"https:\/\/eatout-vilnius.com\/wp-content\/uploads\/2020\/10\/EatOutVilnius-Full.png\" \/>\n\t<meta property=\"og:image:width\" content=\"1000\" \/>\n\t<meta property=\"og:image:height\" content=\"1000\" \/>\n\t<meta property=\"og:image:type\" content=\"image\/png\" \/>\n<meta name=\"twitter:card\" content=\"summary_large_image\" \/>\n<script type=\"application\/ld+json\" class=\"yoast-schema-graph\">{\"@context\":\"https:\/\/schema.org\",\"@graph\":[{\"@type\":\"WebPage\",\"@id\":\"https:\/\/eatout-vilnius.com\/contact\/\",\"url\":\"https:\/\/eatout-vilnius.com\/contact\/\",\"name\":\"[:en]Contact[:lt]Kontaktai[:] - Eat Out Vilnius\",\"isPartOf\":{\"@id\":\"https:\/\/eatout-vilnius.com\/#website\"},\"datePublished\":\"2018-11-16T04:44:53+00:00\",\"dateModified\":\"2020-11-11T13:48:35+00:00\",\"description\":\"Eat Out VIlnius - Restaurant Review Blog\",\"breadcrumb\":{\"@id\":\"https:\/\/eatout-vilnius.com\/contact\/#breadcrumb\"},\"inLanguage\":\"lt-LT\",\"potentialAction\":[{\"@type\":\"ReadAction\",\"target\":[\"https:\/\/eatout-vilnius.com\/contact\/\"]}]},{\"@type\":\"BreadcrumbList\",\"@id\":\"https:\/\/eatout-vilnius.com\/contact\/#breadcrumb\",\"itemListElement\":[{\"@type\":\"ListItem\",\"position\":1,\"name\":\"Home\",\"item\":\"https:\/\/eatout-vilnius.com\/\"},{\"@type\":\"ListItem\",\"position\":2,\"name\":\"Contact\"}]},{\"@type\":\"WebSite\",\"@id\":\"https:\/\/eatout-vilnius.com\/#website\",\"url\":\"https:\/\/eatout-vilnius.com\/\",\"name\":\"Eat Out Vilnius\",\"description\":\"Find a place to eat in Vilnius\",\"publisher\":{\"@id\":\"https:\/\/eatout-vilnius.com\/#organization\"},\"potentialAction\":[{\"@type\":\"SearchAction\",\"target\":{\"@type\":\"EntryPoint\",\"urlTemplate\":\"https:\/\/eatout-vilnius.com\/?s={search_term_string}\"},\"query-input\":\"required name=search_term_string\"}],\"inLanguage\":\"lt-LT\"},{\"@type\":\"Organization\",\"@id\":\"https:\/\/eatout-vilnius.com\/#organization\",\"name\":\"Eat Out Vilnius\",\"url\":\"https:\/\/eatout-vilnius.com\/\",\"logo\":{\"@type\":\"ImageObject\",\"inLanguage\":\"lt-LT\",\"@id\":\"https:\/\/eatout-vilnius.com\/#\/schema\/logo\/image\/\",\"url\":\"https:\/\/eatout-vilnius.com\/wp-content\/uploads\/2020\/10\/EatOutVilnius-Full.png\",\"contentUrl\":\"https:\/\/eatout-vilnius.com\/wp-content\/uploads\/2020\/10\/EatOutVilnius-Full.png\",\"width\":1000,\"height\":1000,\"caption\":\"Eat Out Vilnius\"},\"image\":{\"@id\":\"https:\/\/eatout-vilnius.com\/#\/schema\/logo\/image\/\"},\"sameAs\":[\"https:\/\/www.instagram.com\/eatoutvilnius\/\"]}]}<\/script>\n<!-- \/ Yoast SEO plugin. -->","yoast_head_json":{"title":"Kontaktai - Eat Out Vilnius","description":"Eat Out VIlnius - Restaurant Review Blog","robots":{"index":"index","follow":"follow","max-snippet":"max-snippet:-1","max-image-preview":"max-image-preview:large","max-video-preview":"max-video-preview:-1"},"canonical":"https:\/\/eatout-vilnius.com\/contact\/","og_locale":"lt_LT","og_type":"article","og_title":"[:en]Contact[:lt]Kontaktai[:] - Eat Out Vilnius","og_description":"Eat Out VIlnius - Restaurant Review Blog","og_url":"https:\/\/eatout-vilnius.com\/contact\/","og_site_name":"Eat Out Vilnius","article_modified_time":"2020-11-11T13:48:35+00:00","og_image":[{"width":1000,"height":1000,"url":"https:\/\/eatout-vilnius.com\/wp-content\/uploads\/2020\/10\/EatOutVilnius-Full.png","type":"image\/png"}],"twitter_card":"summary_large_image","schema":{"@context":"https:\/\/schema.org","@graph":[{"@type":"WebPage","@id":"https:\/\/eatout-vilnius.com\/contact\/","url":"https:\/\/eatout-vilnius.com\/contact\/","name":"[:en]Contact[:lt]Kontaktai[:] - Eat Out Vilnius","isPartOf":{"@id":"https:\/\/eatout-vilnius.com\/#website"},"datePublished":"2018-11-16T04:44:53+00:00","dateModified":"2020-11-11T13:48:35+00:00","description":"Eat Out VIlnius - Restaurant Review Blog","breadcrumb":{"@id":"https:\/\/eatout-vilnius.com\/contact\/#breadcrumb"},"inLanguage":"lt-LT","potentialAction":[{"@type":"ReadAction","target":["https:\/\/eatout-vilnius.com\/contact\/"]}]},{"@type":"BreadcrumbList","@id":"https:\/\/eatout-vilnius.com\/contact\/#breadcrumb","itemListElement":[{"@type":"ListItem","position":1,"name":"Home","item":"https:\/\/eatout-vilnius.com\/"},{"@type":"ListItem","position":2,"name":"Contact"}]},{"@type":"WebSite","@id":"https:\/\/eatout-vilnius.com\/#website","url":"https:\/\/eatout-vilnius.com\/","name":"Eat Out Vilnius","description":"Find a place to eat in Vilnius","publisher":{"@id":"https:\/\/eatout-vilnius.com\/#organization"},"potentialAction":[{"@type":"SearchAction","target":{"@type":"EntryPoint","urlTemplate":"https:\/\/eatout-vilnius.com\/?s={search_term_string}"},"query-input":"required name=search_term_string"}],"inLanguage":"lt-LT"},{"@type":"Organization","@id":"https:\/\/eatout-vilnius.com\/#organization","name":"Eat Out Vilnius","url":"https:\/\/eatout-vilnius.com\/","logo":{"@type":"ImageObject","inLanguage":"lt-LT","@id":"https:\/\/eatout-vilnius.com\/#\/schema\/logo\/image\/","url":"https:\/\/eatout-vilnius.com\/wp-content\/uploads\/2020\/10\/EatOutVilnius-Full.png","contentUrl":"https:\/\/eatout-vilnius.com\/wp-content\/uploads\/2020\/10\/EatOutVilnius-Full.png","width":1000,"height":1000,"caption":"Eat Out Vilnius"},"image":{"@id":"https:\/\/eatout-vilnius.com\/#\/schema\/logo\/image\/"},"sameAs":["https:\/\/www.instagram.com\/eatoutvilnius\/"]}]}},"_links":{"self":[{"href":"https:\/\/eatout-vilnius.com\/lt\/wp-json\/wp\/v2\/pages\/104"}],"collection":[{"href":"https:\/\/eatout-vilnius.com\/lt\/wp-json\/wp\/v2\/pages"}],"about":[{"href":"https:\/\/eatout-vilnius.com\/lt\/wp-json\/wp\/v2\/types\/page"}],"author":[{"embeddable":true,"href":"https:\/\/eatout-vilnius.com\/lt\/wp-json\/wp\/v2\/users\/1"}],"replies":[{"embeddable":true,"href":"https:\/\/eatout-vilnius.com\/lt\/wp-json\/wp\/v2\/comments?post=104"}],"version-history":[{"count":3,"href":"https:\/\/eatout-vilnius.com\/lt\/wp-json\/wp\/v2\/pages\/104\/revisions"}],"predecessor-version":[{"id":1187,"href":"https:\/\/eatout-vilnius.com\/lt\/wp-json\/wp\/v2\/pages\/104\/revisions\/1187"}],"wp:attachment":[{"href":"https:\/\/eatout-vilnius.com\/lt\/wp-json\/wp\/v2\/media?parent=104"}],"curies":[{"name":"wp","href":"https:\/\/api.w.org\/{rel}","templated":true}]}}