{"id":1118,"date":"2020-10-26T20:15:35","date_gmt":"2020-10-26T20:15:35","guid":{"rendered":"https:\/\/eatout-vilnius.com\/?page_id=1118"},"modified":"2020-11-11T19:20:28","modified_gmt":"2020-11-11T19:20:28","slug":"about","status":"publish","type":"page","link":"https:\/\/eatout-vilnius.com\/lt\/about\/","title":{"rendered":"Apie"},"content":{"rendered":"\n\n\n<p><\/p>\n\n\n\n<section id=\"gmcf6364d\" class=\"wp-block-gutentor-m4 section-gmcf6364d gutentor-module gutentor-advanced-columns\"><div class=\"grid-container\"><div class=\"grid-row\">\n<div id=\"col-gm7c7811\" class=\"wp-block-gutentor-m4-col col-gm7c7811 gutentor-single-column  grid-lg-6 grid-md-12 grid-12\"><div id=\"section-gm7c7811\" class=\"section-gm7c7811 gutentor-col-wrap\">\n<p>Sveiki, a\u0161 esu Eimant\u0117 i\u0161 Eat Out Vilnius, ap\u017evelgiu maisto ir g\u0117rim\u0173 vietas Lietuvos sostin\u0117je \u2013 Vilniuje. Esu \u201cpasine\u0161usi\u201d ant restoran\u0173, kavini\u0173, bistro, bar\u0173, pub\u2019\u0173 ir vis\u0173 kit\u0173 maitinimo \u012fstaig\u0173! Jeigu ie\u0161kote smagios vietel\u0117s pavalgyti, permeskite mano straipsnius \u0161iame tinklara\u0161tyje ir neabejotinai su\u017einosite apie u\u017esisl\u0117pusius perliukus, o gal net vietas, kuri\u0173 reik\u0117t\u0173 vengti.<\/p>\n<p>\u2026\u2026\u2026\u2026\u2026\u2026\u2026\u2026\u2026\u2026\u2026\u2026\u2026\u2026\u2026\u2026\u2026\u2026\u2026\u2026\u2026\u2026\u2026\u2026\u2026\u2026\u2026\u2026\u2026\u2026\u2026<\/p>\n<p>Su\u017einokite daugiau Instagram\u2019e!<br><a href=\"https:\/\/www.instagram.com\/eatoutvilnius\">https:\/\/www.instagram.com\/<\/a><a href=\"https:\/\/www.instagram.com\/eatoutvilnius\" target=\"_blank\" rel=\"noreferrer noopener\">eatoutvilnius<\/a><\/p>\n<\/div><\/div>\n\n\n\n<div id=\"col-gm966558\" class=\"wp-block-gutentor-m4-col col-gm966558 gutentor-single-column  grid-lg-6 grid-md-12 grid-12\"><div id=\"section-gm966558\" class=\"section-gm966558 gutentor-col-wrap\">\n<div id=\"section-g1e4467\" class=\"wp-block-gutentor-e6 section-g1e4467 gutentor-element gutentor-element-image\"><div class=\"gutentor-element-image-box\"><div class=\"gutentor-image-thumb\"><img decoding=\"async\" class=\"normal-image\" src=\"https:\/\/eatout-vilnius.com\/wp-content\/uploads\/2020\/10\/Collage_Fotor-1-scaled.jpg\"\/><\/div><\/div><\/div>\n<\/div><\/div>\n<\/div><\/div><\/section>\n","protected":false},"excerpt":{"rendered":"","protected":false},"author":1,"featured_media":0,"parent":0,"menu_order":0,"comment_status":"closed","ping_status":"closed","template":"","meta":{"inline_featured_image":false},"yoast_head":"<!-- This site is optimized with the Yoast SEO plugin v19.14 - https:\/\/yoast.com\/wordpress\/plugins\/seo\/ -->\n<title>Apie - Eat Out Vilnius<\/title>\n<meta name=\"description\" content=\"Eat Out VIlnius - Restaurant Review Blog\" \/>\n<meta name=\"robots\" content=\"index, follow, max-snippet:-1, max-image-preview:large, max-video-preview:-1\" \/>\n<link rel=\"canonical\" href=\"https:\/\/eatout-vilnius.com\/about\/\" \/>\n<meta property=\"og:locale\" content=\"lt_LT\" \/>\n<meta property=\"og:type\" content=\"article\" \/>\n<meta property=\"og:title\" content=\"Apie\" \/>\n<meta property=\"og:description\" content=\"Eat Out VIlnius - Restaurant Review Blog\" \/>\n<meta property=\"og:url\" content=\"https:\/\/eatout-vilnius.com\/about\/\" \/>\n<meta property=\"og:site_name\" content=\"Eat Out Vilnius\" \/>\n<meta property=\"article:modified_time\" content=\"2020-11-11T19:20:28+00:00\" \/>\n<meta property=\"og:image\" content=\"https:\/\/eatout-vilnius.com\/wp-content\/uploads\/2020\/10\/Collage_Fotor-1-scaled.jpg\" \/>\n<meta name=\"twitter:card\" content=\"summary_large_image\" \/>\n<meta name=\"twitter:label1\" content=\"Est. reading time\" \/>\n\t<meta name=\"twitter:data1\" content=\"1 minut\u0117\" \/>\n<script type=\"application\/ld+json\" class=\"yoast-schema-graph\">{\"@context\":\"https:\/\/schema.org\",\"@graph\":[{\"@type\":\"WebPage\",\"@id\":\"https:\/\/eatout-vilnius.com\/about\/\",\"url\":\"https:\/\/eatout-vilnius.com\/about\/\",\"name\":\"[:en]About[:lt]Apie[:] - Eat Out Vilnius\",\"isPartOf\":{\"@id\":\"https:\/\/eatout-vilnius.com\/#website\"},\"datePublished\":\"2020-10-26T20:15:35+00:00\",\"dateModified\":\"2020-11-11T19:20:28+00:00\",\"description\":\"Eat Out VIlnius - Restaurant Review Blog\",\"breadcrumb\":{\"@id\":\"https:\/\/eatout-vilnius.com\/about\/#breadcrumb\"},\"inLanguage\":\"lt-LT\",\"potentialAction\":[{\"@type\":\"ReadAction\",\"target\":[\"https:\/\/eatout-vilnius.com\/about\/\"]}]},{\"@type\":\"BreadcrumbList\",\"@id\":\"https:\/\/eatout-vilnius.com\/about\/#breadcrumb\",\"itemListElement\":[{\"@type\":\"ListItem\",\"position\":1,\"name\":\"Home\",\"item\":\"https:\/\/eatout-vilnius.com\/\"},{\"@type\":\"ListItem\",\"position\":2,\"name\":\"About\"}]},{\"@type\":\"WebSite\",\"@id\":\"https:\/\/eatout-vilnius.com\/#website\",\"url\":\"https:\/\/eatout-vilnius.com\/\",\"name\":\"Eat Out Vilnius\",\"description\":\"Find a place to eat in Vilnius\",\"publisher\":{\"@id\":\"https:\/\/eatout-vilnius.com\/#organization\"},\"potentialAction\":[{\"@type\":\"SearchAction\",\"target\":{\"@type\":\"EntryPoint\",\"urlTemplate\":\"https:\/\/eatout-vilnius.com\/?s={search_term_string}\"},\"query-input\":\"required name=search_term_string\"}],\"inLanguage\":\"lt-LT\"},{\"@type\":\"Organization\",\"@id\":\"https:\/\/eatout-vilnius.com\/#organization\",\"name\":\"Eat Out Vilnius\",\"url\":\"https:\/\/eatout-vilnius.com\/\",\"logo\":{\"@type\":\"ImageObject\",\"inLanguage\":\"lt-LT\",\"@id\":\"https:\/\/eatout-vilnius.com\/#\/schema\/logo\/image\/\",\"url\":\"https:\/\/eatout-vilnius.com\/wp-content\/uploads\/2020\/10\/EatOutVilnius-Full.png\",\"contentUrl\":\"https:\/\/eatout-vilnius.com\/wp-content\/uploads\/2020\/10\/EatOutVilnius-Full.png\",\"width\":1000,\"height\":1000,\"caption\":\"Eat Out Vilnius\"},\"image\":{\"@id\":\"https:\/\/eatout-vilnius.com\/#\/schema\/logo\/image\/\"},\"sameAs\":[\"https:\/\/www.instagram.com\/eatoutvilnius\/\"]}]}<\/script>\n<!-- \/ Yoast SEO plugin. -->","yoast_head_json":{"title":"Apie - Eat Out Vilnius","description":"Eat Out VIlnius - Restaurant Review Blog","robots":{"index":"index","follow":"follow","max-snippet":"max-snippet:-1","max-image-preview":"max-image-preview:large","max-video-preview":"max-video-preview:-1"},"canonical":"https:\/\/eatout-vilnius.com\/about\/","og_locale":"lt_LT","og_type":"article","og_title":"[:en]About[:lt]Apie[:] - Eat Out Vilnius","og_description":"Eat Out VIlnius - Restaurant Review Blog","og_url":"https:\/\/eatout-vilnius.com\/about\/","og_site_name":"Eat Out Vilnius","article_modified_time":"2020-11-11T19:20:28+00:00","og_image":[{"url":"https:\/\/eatout-vilnius.com\/wp-content\/uploads\/2020\/10\/Collage_Fotor-1-scaled.jpg"}],"twitter_card":"summary_large_image","twitter_misc":{"Est. reading time":"1 minut\u0117"},"schema":{"@context":"https:\/\/schema.org","@graph":[{"@type":"WebPage","@id":"https:\/\/eatout-vilnius.com\/about\/","url":"https:\/\/eatout-vilnius.com\/about\/","name":"[:en]About[:lt]Apie[:] - Eat Out Vilnius","isPartOf":{"@id":"https:\/\/eatout-vilnius.com\/#website"},"datePublished":"2020-10-26T20:15:35+00:00","dateModified":"2020-11-11T19:20:28+00:00","description":"Eat Out VIlnius - Restaurant Review Blog","breadcrumb":{"@id":"https:\/\/eatout-vilnius.com\/about\/#breadcrumb"},"inLanguage":"lt-LT","potentialAction":[{"@type":"ReadAction","target":["https:\/\/eatout-vilnius.com\/about\/"]}]},{"@type":"BreadcrumbList","@id":"https:\/\/eatout-vilnius.com\/about\/#breadcrumb","itemListElement":[{"@type":"ListItem","position":1,"name":"Home","item":"https:\/\/eatout-vilnius.com\/"},{"@type":"ListItem","position":2,"name":"About"}]},{"@type":"WebSite","@id":"https:\/\/eatout-vilnius.com\/#website","url":"https:\/\/eatout-vilnius.com\/","name":"Eat Out Vilnius","description":"Find a place to eat in Vilnius","publisher":{"@id":"https:\/\/eatout-vilnius.com\/#organization"},"potentialAction":[{"@type":"SearchAction","target":{"@type":"EntryPoint","urlTemplate":"https:\/\/eatout-vilnius.com\/?s={search_term_string}"},"query-input":"required name=search_term_string"}],"inLanguage":"lt-LT"},{"@type":"Organization","@id":"https:\/\/eatout-vilnius.com\/#organization","name":"Eat Out Vilnius","url":"https:\/\/eatout-vilnius.com\/","logo":{"@type":"ImageObject","inLanguage":"lt-LT","@id":"https:\/\/eatout-vilnius.com\/#\/schema\/logo\/image\/","url":"https:\/\/eatout-vilnius.com\/wp-content\/uploads\/2020\/10\/EatOutVilnius-Full.png","contentUrl":"https:\/\/eatout-vilnius.com\/wp-content\/uploads\/2020\/10\/EatOutVilnius-Full.png","width":1000,"height":1000,"caption":"Eat Out Vilnius"},"image":{"@id":"https:\/\/eatout-vilnius.com\/#\/schema\/logo\/image\/"},"sameAs":["https:\/\/www.instagram.com\/eatoutvilnius\/"]}]}},"_links":{"self":[{"href":"https:\/\/eatout-vilnius.com\/lt\/wp-json\/wp\/v2\/pages\/1118"}],"collection":[{"href":"https:\/\/eatout-vilnius.com\/lt\/wp-json\/wp\/v2\/pages"}],"about":[{"href":"https:\/\/eatout-vilnius.com\/lt\/wp-json\/wp\/v2\/types\/page"}],"author":[{"embeddable":true,"href":"https:\/\/eatout-vilnius.com\/lt\/wp-json\/wp\/v2\/users\/1"}],"replies":[{"embeddable":true,"href":"https:\/\/eatout-vilnius.com\/lt\/wp-json\/wp\/v2\/comments?post=1118"}],"version-history":[{"count":16,"href":"https:\/\/eatout-vilnius.com\/lt\/wp-json\/wp\/v2\/pages\/1118\/revisions"}],"predecessor-version":[{"id":1214,"href":"https:\/\/eatout-vilnius.com\/lt\/wp-json\/wp\/v2\/pages\/1118\/revisions\/1214"}],"wp:attachment":[{"href":"https:\/\/eatout-vilnius.com\/lt\/wp-json\/wp\/v2\/media?parent=1118"}],"curies":[{"name":"wp","href":"https:\/\/api.w.org\/{rel}","templated":true}]}}